{"id":919,"date":"2022-12-22T10:44:08","date_gmt":"2022-12-22T09:44:08","guid":{"rendered":"http:\/\/www.karate-eisenstadt.at\/?page_id=919"},"modified":"2022-12-22T10:47:49","modified_gmt":"2022-12-22T09:47:49","slug":"medaillenspiegel-2020","status":"publish","type":"page","link":"https:\/\/www.karate-eisenstadt.at\/medaillenspiegel-2020\/","title":{"rendered":"Medaillenspiegel 2020"},"content":{"rendered":"\n<p>2020 war das Jahr der Corona Lockdowns. Daher wurde von Sportdata die e-Tournament Serie ins Leben gerufen. Eine weltweite Veranstaltungsserie, an der fast alle L\u00e4nder teilgenommen haben und die \u00fcbers Jahr unz\u00e4hlige Einzelveranstaltungen umfa\u00dfte.<\/p>\n\n\n\n<p>Josef Egls\u00e4er und Ipek Yilmaz waren die einzigen Sportler des Vereins, die dabei teilgenommen haben.<\/p>\n\n\n\n<p>Die Erfolgsbilanz ist beachtlich:<\/p>\n\n\n\n<p><strong>EGLS\u00c4ER Josef:&nbsp;&nbsp; Kata Individual Male Masters C<\/strong><\/p>\n\n\n\n<p><strong>ALL TIME RANKING (Gesamtwertung aller Bewerbe)&nbsp; &nbsp; &nbsp; &nbsp; &nbsp; 1. Platz&nbsp;&nbsp;&nbsp;&nbsp;&nbsp;&nbsp;&nbsp;&nbsp;&nbsp;&nbsp;&nbsp;&nbsp;<\/strong><\/p>\n\n\n\n<p><strong>(H\u00f6chster Punktestand aller \u00f6sterreichischen Teilnehmer\/alle Kategorien \u2013 &nbsp;11450 Punkte)<\/strong><\/p>\n\n\n\n<figure class=\"wp-block-table\"><table><tbody><tr><td>teilgenomme Bewerbe (Josef Egls\u00e4er):<\/td><td>42<\/td><\/tr><tr><td>&nbsp;<\/td><td>&nbsp;<\/td><\/tr><tr><td>Anzahl 1. Platz<\/td><td>12<\/td><\/tr><tr><td>Anzahl 2. Platz<\/td><td>18<\/td><\/tr><tr><td>Anzahl 3. Platz<\/td><td>11<\/td><\/tr><tr><td>Anzahl 5. Platz<\/td><td>1<\/td><\/tr><\/tbody><\/table><\/figure>\n\n\n\n<p><strong>Ligaergebnisse:<\/strong><\/p>\n\n\n\n<figure class=\"wp-block-table\"><table><tbody><tr><td>Sportdata e-tournament World Series<\/td><td>3. Platz<\/td><\/tr><tr><td>Katana International League<\/td><td>2. Platz<\/td><\/tr><tr><td>Adidas Karate World Open Series<\/td><td>1. Platz<\/td><\/tr><tr><td>eChampions Trophy World Series<\/td><td>1. Platz<\/td><\/tr><tr><td>Golden League<\/td><td>2. Platz<\/td><\/tr><tr><td>Okinawa e-tournament World Series<\/td><td>1. Platz<\/td><\/tr><\/tbody><\/table><\/figure>\n\n\n\n<p><strong>Einzelergebnisse Josef Egls\u00e4er<\/strong>:<\/p>\n\n\n\n<figure class=\"wp-block-table\"><table><tbody><tr><td>Date<\/td><td>Event<\/td><td>Type<\/td><td>Rank<\/td><\/tr><tr><td>12.05.2020<\/td><td>&nbsp;Sportdata e-Tournament World Series &#8211; Kata #2 (SUI)<\/td><td>World Series<\/td><td>&nbsp;2.<\/td><\/tr><tr><td>31.05.2020<\/td><td>&nbsp;1# Katana InterContinental League e-Tournament-Kata (SLO)<\/td><td>Katana Intercontinental League<\/td><td>&nbsp;3.<\/td><\/tr><tr><td>15.06.2020<\/td><td>&nbsp;Adidas Karate World Open Series E-Tournament 2020 #1 (ENG)<\/td><td>Adidas Karate World Open Series<\/td><td>&nbsp;1.<\/td><\/tr><tr><td>16.06.2020<\/td><td>&nbsp;e-Tournament KOROKOTTA CUP 2020 (ESP)<\/td><td>International Championship<\/td><td>&nbsp;2.<\/td><\/tr><tr><td>22.06.2020<\/td><td>&nbsp;1st Dutch Open E-tournament (NED)<\/td><td>International Championship<\/td><td>&nbsp;3.<\/td><\/tr><tr><td>24.06.2020<\/td><td>&nbsp;International RONIN Summer Cup e-Tournament (MNE)<\/td><td>International Championship<\/td><td>&nbsp;1.<\/td><\/tr><tr><td>08.07.2020<\/td><td>&nbsp;Sportdata e-Tournament World Series #3 (SUI)<\/td><td>World Series<\/td><td>&nbsp;3.<\/td><\/tr><tr><td>13.07.2020<\/td><td>&nbsp;Adidas Karate World Open Series E-Tournament 2020 #2 (ENG)<\/td><td>Adidas Karate World Open Series<\/td><td>&nbsp;3.<\/td><\/tr><tr><td>19.07.2020<\/td><td>&nbsp;2# Katana InterContinental Karate League e-Tournament (SLO)<\/td><td>Katana Intercontinental League<\/td><td>&nbsp;2.<\/td><\/tr><tr><td>25.07.2020<\/td><td>&nbsp;BALKAN OPEN eTournament &#8211; KATA\/KUMITE (MNE)<\/td><td>International Championship<\/td><td>&nbsp;3.<\/td><\/tr><tr><td>04.08.2020<\/td><td>&nbsp;ATHLETES E-TOURNAMENT Series 1 RANKED EVENT&nbsp; (RUS)<\/td><td>International Championship<\/td><td>&nbsp;1.<\/td><\/tr><tr><td>17.08.2020<\/td><td>&nbsp;Adidas Karate World Open Series E-Tournament 2020 #3 &#8211; Kata and Kumite (ENG)<\/td><td>Adidas Karate World Open Series<\/td><td>&nbsp;2.<\/td><\/tr><tr><td>21.08.2020<\/td><td>&nbsp;10. INT. BEST FIGHTER KARATE CUP 2020 | E-TOURNAMENT (GER)<\/td><td>International Championship<\/td><td>&nbsp;2.<\/td><\/tr><tr><td>30.08.2020<\/td><td>&nbsp;eChampions Trophy World Series #1- Kata \/ Kumite (GER)<\/td><td>eChampions Trophy World Series<\/td><td>&nbsp;1.<\/td><\/tr><tr><td>01.09.2020<\/td><td>&nbsp;MIYAMOTO MUSASHI e-Tournament &#8211; FIVE RINGS &#8211; KATA AND KUMITE (BOL)<\/td><td>International Championship<\/td><td>&nbsp;1.<\/td><\/tr><tr><td>05.09.2020<\/td><td>&nbsp;Golden League Karate etournament series #1 (GER)<\/td><td>Golden League<\/td><td>&nbsp;2.<\/td><\/tr><tr><td>05.09.2020<\/td><td>&nbsp;Adidas Karate World Open Series E-Tournament 2020 #4 &#8211; Kata and Kumite (BEL)<\/td><td>Adidas Karate World Open Series<\/td><td>&nbsp;1.<\/td><\/tr><tr><td>09.09.2020<\/td><td>&nbsp;Sportdata e-Tournament World Series #4 (SUI)<\/td><td>World Series<\/td><td>5.<\/td><\/tr><tr><td>14.09.2020<\/td><td>&nbsp;TOKAIDO 10. Maribor open e-tournament SLO e-KATA, e-KUMITE, e-Team KATA (SLO)<\/td><td>International Championship<\/td><td>&nbsp;1.<\/td><\/tr><tr><td>28.09.2020<\/td><td>&nbsp;OKINAWA E-TOURNAMENT WORLD SERIES #1 (JPN)<\/td><td>OKINAWA E-TOURNAMENT WORLD SERIES<\/td><td>&nbsp;1.<\/td><\/tr><tr><td>03.10.2020<\/td><td>&nbsp;1st Euro Grand Prix E-Tournament 2020 (CZE)<\/td><td>International Championship<\/td><td>&nbsp;3.<\/td><\/tr><tr><td>07.10.2020<\/td><td>&nbsp;Golden League Karate etournament series #2 (MNE)<\/td><td>Golden League<\/td><td>&nbsp;3.<\/td><\/tr><tr><td>18.10.2020<\/td><td>3# Katana InterContinental League e-Tournament-Kata&nbsp;(SLO)<\/td><td>World Series<\/td><td>&nbsp;3.<\/td><\/tr><tr><td>23.10.2020<\/td><td>PUNE OPEN INDIA Karate e-Tournament &#8211; e-Kata &amp; e-Kumite&nbsp;(IND)<\/td><td>International Championship<\/td><td>&nbsp;2.<\/td><\/tr><tr><td>25.20.2020<\/td><td>e-Champions Trophy World Series #2&nbsp;(GER)<\/td><td>eChampions Trophy World Series<\/td><td>&nbsp;3.<\/td><\/tr><tr><td>30.10.2020<\/td><td>Adidas Karate World Open Series E-Tournament 2020 #5&nbsp;(ENG)<\/td><td>Adidas Karate World Open Series<\/td><td>&nbsp;1.<\/td><\/tr><tr><td>02.11.2020<\/td><td>OKINAWA E-TOURNAMENT WORLD SERIES #2<\/td><td>OKINAWA E-TOURNAMENT WORLD SERIES<\/td><td>&nbsp;1.<\/td><\/tr><tr><td>06.11.2020<\/td><td>MIYAMOTO MUSASHI e-Tournament #2 &#8211; FIVE RINGS &#8211; KATA AND KUMITE&nbsp;(BOL)<\/td><td>International Championship<\/td><td>&nbsp;2.<\/td><\/tr><tr><td>10.11.2020<\/td><td>ATHLETES E-TOURNAMENT Series 2 RANKED EVENT&nbsp; (RUS)<\/td><td>International Championship<\/td><td>&nbsp;2.<\/td><\/tr><tr><td>13.11.2020<\/td><td>Golden League Karate etournament series #3<\/td><td>Golden League<\/td><td>&nbsp;3.<\/td><\/tr><tr><td>18.11.2020<\/td><td>Sportdata e-Tournament World Series &#8211; Kata #5&nbsp;(SUI)<\/td><td>World Series<\/td><td>&nbsp;3.<\/td><\/tr><tr><td>22.11.2020<\/td><td>4# Katana InterContinental League e-Tournament-Kata&nbsp;(SLO)<\/td><td>World Series<\/td><td>&nbsp;1.<\/td><\/tr><tr><td>30.11.2020<\/td><td>ROME International ENDAS Karate Cup<\/td><td>International Championship<\/td><td>&nbsp;2.<\/td><\/tr><tr><td>28.11.2020<\/td><td>2nd Euro Grand Prix E-Tournament 2020<\/td><td>International Championship<\/td><td>&nbsp;1.<\/td><\/tr><tr><td>03.12.2020<\/td><td>eChampions Trophy World Series #3- Kata \/ Kumite &#8211; Ranked Event<\/td><td>eChampions Trophy World Series<\/td><td>&nbsp;2.<\/td><\/tr><tr><td>04.12.2020<\/td><td>Adidas Karate World Open Series E-Tournament 2020 #6&nbsp;(ENG)<\/td><td>Adidas Karate World Open Series<\/td><td>&nbsp;2.<\/td><\/tr><tr><td>08.12.2020<\/td><td>OKINAWA E-TOURNAMENT WORLD SERIES #3<\/td><td>OKINAWA E-TOURNAMENT WORLD SERIES<\/td><td>&nbsp;2.<\/td><\/tr><tr><td>16.12.2020<\/td><td>ATHLETES E-TOURNAMENT Series 3 RANKED EVENT&nbsp; (RUS)<\/td><td>International Championship<\/td><td>&nbsp;2.<\/td><\/tr><tr><td><\/td><td>SUPER FINAL 5# Katana IC League<\/td><td>World Series<\/td><td>&nbsp;2.<\/td><\/tr><tr><td>12.12.2020<\/td><td>1\u00b0 TUSCANY e-OPEN &#8211; e-Open di Toscana<\/td><td>International Championship<\/td><td>&nbsp;2.<\/td><\/tr><tr><td>18.12.2020<\/td><td>Golden League Karate etournament series #4 Final<\/td><td>Golden League<\/td><td>&nbsp;2.<\/td><\/tr><\/tbody><\/table><\/figure>\n\n\n\n<p><strong>YILMAZ Ipek:&nbsp;&nbsp;&nbsp;&nbsp;&nbsp;&nbsp;&nbsp;&nbsp; Kata Individual Female Seniors<\/strong><\/p>\n\n\n\n<p><strong>ALL TIME RANKING (Gesamtwertung aller Bewerbe)&nbsp; &nbsp; &nbsp; &nbsp; &nbsp; &nbsp; &nbsp; &nbsp; 22. Platz<\/strong><\/p>\n\n\n\n<figure class=\"wp-block-table\"><table><tbody><tr><td>teilgenomme Bewerbe (Ipek Yilmaz):<\/td><td>11<\/td><\/tr><tr><td>&nbsp;<\/td><td>&nbsp;<\/td><\/tr><tr><td>Anzahl 3. Platz<\/td><td>5<\/td><\/tr><tr><td>Anzahl 5. Platz<\/td><td>5<\/td><\/tr><tr><td>Anzahl 8. Platz<\/td><td>1<\/td><\/tr><\/tbody><\/table><\/figure>\n\n\n\n<p>Ligaergebnisse:<\/p>\n\n\n\n<figure class=\"wp-block-table\"><table><tbody><tr><td>Adidas Karate World Open Series<\/td><td>16. Platz<\/td><\/tr><tr><td>eChampions Trophy World Series<\/td><td>7. Platz<\/td><\/tr><tr><td>Golden League<\/td><td>7. Platz<\/td><\/tr><tr><td>Okinawa e-tournament World Series<\/td><td>8. Platz<\/td><\/tr><\/tbody><\/table><\/figure>\n","protected":false},"excerpt":{"rendered":"<p>2020 war das Jahr der Corona Lockdowns. Daher wurde von Sportdata die e-Tournament Serie ins Leben gerufen. Eine weltweite Veranstaltungsserie, an der fast alle L\u00e4nder teilgenommen haben und die \u00fcbers Jahr unz\u00e4hlige Einzelveranstaltungen umfa\u00dfte. Josef Egls\u00e4er und Ipek Yilmaz waren die einzigen Sportler des Vereins, die dabei teilgenommen haben. Die Erfolgsbilanz ist beachtlich: EGLS\u00c4ER Josef:&nbsp;&nbsp;<a class=\"more-link\" href=\"https:\/\/www.karate-eisenstadt.at\/medaillenspiegel-2020\/\">Continue reading <span class=\"screen-reader-text\">&#8222;Medaillenspiegel 2020&#8220;<\/span><\/a><\/p>\n","protected":false},"author":3,"featured_media":0,"parent":0,"menu_order":0,"comment_status":"closed","ping_status":"closed","template":"","meta":{"footnotes":""},"class_list":["post-919","page","type-page","status-publish","hentry","entry"],"_links":{"self":[{"href":"https:\/\/www.karate-eisenstadt.at\/wp-json\/wp\/v2\/pages\/919","targetHints":{"allow":["GET"]}}],"collection":[{"href":"https:\/\/www.karate-eisenstadt.at\/wp-json\/wp\/v2\/pages"}],"about":[{"href":"https:\/\/www.karate-eisenstadt.at\/wp-json\/wp\/v2\/types\/page"}],"author":[{"embeddable":true,"href":"https:\/\/www.karate-eisenstadt.at\/wp-json\/wp\/v2\/users\/3"}],"replies":[{"embeddable":true,"href":"https:\/\/www.karate-eisenstadt.at\/wp-json\/wp\/v2\/comments?post=919"}],"version-history":[{"count":2,"href":"https:\/\/www.karate-eisenstadt.at\/wp-json\/wp\/v2\/pages\/919\/revisions"}],"predecessor-version":[{"id":925,"href":"https:\/\/www.karate-eisenstadt.at\/wp-json\/wp\/v2\/pages\/919\/revisions\/925"}],"wp:attachment":[{"href":"https:\/\/www.karate-eisenstadt.at\/wp-json\/wp\/v2\/media?parent=919"}],"curies":[{"name":"wp","href":"https:\/\/api.w.org\/{rel}","templated":true}]}}