{"id":855,"date":"2022-12-22T08:38:53","date_gmt":"2022-12-22T07:38:53","guid":{"rendered":"http:\/\/www.karate-eisenstadt.at\/?page_id=855"},"modified":"2022-12-22T10:54:16","modified_gmt":"2022-12-22T09:54:16","slug":"sportkarate","status":"publish","type":"page","link":"https:\/\/www.karate-eisenstadt.at\/sportkarate\/","title":{"rendered":"Sportkarate"},"content":{"rendered":"\n<p>Sportkarate ist eine Entwicklung die sich in den vergangenen Jahrzehnten aus den Wettk\u00e4mpfen entwickelt hat. Die unterschiedlichen Wettkampfregeln seit Entstehen der Karate Wettk\u00e4mpfe haben, nicht zuletzt aus Gr\u00fcnden der Transparenz f\u00fcr den unwissenden Zuschauer, eine Entwicklung eingeleitet, die das Sportkarate immer weiter vom urspr\u00fcnglichen, traditionellen Karate entfernt.<\/p>\n\n\n\n<p>Diese Ver\u00e4nderungen bzw. Entwicklungen haben sich nat\u00fcrlich auch auf das Training f\u00fcr die Wettkampfbewerbe &#8211; Kumite und Kata ausgewirkt. Das Training f\u00fcr Wettkampfinteressierte wird daher auf Grundlage des traditionellen Karate an die Erfordernisse der jeweiligen Wettkampfdisziplin angepa\u00dft.<\/p>\n\n\n\n<p>Der PSV Eisenstadt Sektion Karate hat es verstanden, seit Beginn der Vereinsgeschichte st\u00e4ndig im Wettkampgeschehen &#8211; national und international &#8211; erfolgreich mit dabei zu sein.<\/p>\n\n\n\n<p>Einen genauen \u00dcberblick \u00fcber die Erfolge der Wettkampsportler unseres Vereins sind in der <a rel=\"noreferrer noopener\" href=\"https:\/\/www.karate-eisenstadt.at\/?page_id=851\" target=\"_blank\">Erfolgstatistik <\/a> zu finden.<\/p>\n\n\n\n<p>Nachstehende Videos verdeutlichen den Unterschied von Kumite Bewerben 1984 und 2022.<\/p>\n\n\n\n<p><\/p>\n\n\n\n<figure class=\"wp-block-table\"><table><tbody><tr><td>\n<video controls=\"\" loop=\"\" src=\"https:\/\/www.karate-eisenstadt.at\/wp-content\/uploads\/2022\/12\/Kagawa-vs.-Yahara.mp4\" width=\"300\"><\/video>\n<\/td><td>\n<video controls=\"\" loop=\"\" src=\"https:\/\/www.karate-eisenstadt.at\/wp-content\/uploads\/2022\/12\/Karate-1-Premier-League-2022.mp4-.mp4\" width=\"350\"><\/video>\n<\/td><\/tr><\/tbody><\/table><\/figure>\n","protected":false},"excerpt":{"rendered":"<p>Sportkarate ist eine Entwicklung die sich in den vergangenen Jahrzehnten aus den Wettk\u00e4mpfen entwickelt hat. Die unterschiedlichen Wettkampfregeln seit Entstehen der Karate Wettk\u00e4mpfe haben, nicht zuletzt aus Gr\u00fcnden der Transparenz f\u00fcr den unwissenden Zuschauer, eine Entwicklung eingeleitet, die das Sportkarate immer weiter vom urspr\u00fcnglichen, traditionellen Karate entfernt. Diese Ver\u00e4nderungen bzw. Entwicklungen haben sich nat\u00fcrlich auch<a class=\"more-link\" href=\"https:\/\/www.karate-eisenstadt.at\/sportkarate\/\">Continue reading <span class=\"screen-reader-text\">&#8222;Sportkarate&#8220;<\/span><\/a><\/p>\n","protected":false},"author":3,"featured_media":0,"parent":0,"menu_order":0,"comment_status":"closed","ping_status":"closed","template":"","meta":{"footnotes":""},"class_list":["post-855","page","type-page","status-publish","hentry","entry"],"_links":{"self":[{"href":"https:\/\/www.karate-eisenstadt.at\/wp-json\/wp\/v2\/pages\/855","targetHints":{"allow":["GET"]}}],"collection":[{"href":"https:\/\/www.karate-eisenstadt.at\/wp-json\/wp\/v2\/pages"}],"about":[{"href":"https:\/\/www.karate-eisenstadt.at\/wp-json\/wp\/v2\/types\/page"}],"author":[{"embeddable":true,"href":"https:\/\/www.karate-eisenstadt.at\/wp-json\/wp\/v2\/users\/3"}],"replies":[{"embeddable":true,"href":"https:\/\/www.karate-eisenstadt.at\/wp-json\/wp\/v2\/comments?post=855"}],"version-history":[{"count":9,"href":"https:\/\/www.karate-eisenstadt.at\/wp-json\/wp\/v2\/pages\/855\/revisions"}],"predecessor-version":[{"id":929,"href":"https:\/\/www.karate-eisenstadt.at\/wp-json\/wp\/v2\/pages\/855\/revisions\/929"}],"wp:attachment":[{"href":"https:\/\/www.karate-eisenstadt.at\/wp-json\/wp\/v2\/media?parent=855"}],"curies":[{"name":"wp","href":"https:\/\/api.w.org\/{rel}","templated":true}]}}